{"id":102,"date":"2020-07-22T15:34:31","date_gmt":"2020-07-22T13:34:31","guid":{"rendered":"https:\/\/alpim.it\/wp\/?page_id=102"},"modified":"2024-08-07T15:15:35","modified_gmt":"2024-08-07T13:15:35","slug":"chi-siamo","status":"publish","type":"page","link":"https:\/\/alpim.it\/wp\/chi-siamo\/","title":{"rendered":"Chi siamo"},"content":{"rendered":"<p>[et_pb_section fb_built=&#8221;1&#8243; _builder_version=&#8221;4.16&#8243; saved_tabs=&#8221;all&#8221; collapsed=&#8221;off&#8221; global_colors_info=&#8221;{}&#8221;][et_pb_row _builder_version=&#8221;4.16&#8243; background_size=&#8221;initial&#8221; background_position=&#8221;top_left&#8221; background_repeat=&#8221;repeat&#8221; global_colors_info=&#8221;{}&#8221;][et_pb_column type=&#8221;4_4&#8243; _builder_version=&#8221;4.16&#8243; custom_padding=&#8221;|||&#8221; global_colors_info=&#8221;{}&#8221; custom_padding__hover=&#8221;|||&#8221;][et_pb_image src=&#8221;https:\/\/alpim.it\/wp\/wp-content\/uploads\/2023\/11\/FOTO-SEZIONE-CHI-SIAMO2-copia.jpg&#8221; title_text=&#8221;FOTO SEZIONE CHI SIAMO2 copia&#8221; align=&#8221;center&#8221; force_fullwidth=&#8221;on&#8221; _builder_version=&#8221;4.19.5&#8243; _module_preset=&#8221;default&#8221; global_colors_info=&#8221;{}&#8221;][\/et_pb_image][\/et_pb_column][\/et_pb_row][et_pb_row column_structure=&#8221;1_4,3_4&#8243; _builder_version=&#8221;4.16&#8243; _module_preset=&#8221;default&#8221; global_colors_info=&#8221;{}&#8221;][et_pb_column type=&#8221;1_4&#8243; _builder_version=&#8221;4.16&#8243; _module_preset=&#8221;default&#8221; global_colors_info=&#8221;{}&#8221;][et_pb_sidebar area=&#8221;et_pb_widget_area_2&#8243; _builder_version=&#8221;4.19.5&#8243; _module_preset=&#8221;default&#8221; header_font=&#8221;||||||||&#8221; body_font=&#8221;|600|||||||&#8221; body_text_color=&#8221;#0c71c3&#8243; text_orientation=&#8221;left&#8221; global_colors_info=&#8221;{}&#8221;][\/et_pb_sidebar][\/et_pb_column][et_pb_column type=&#8221;3_4&#8243; _builder_version=&#8221;4.16&#8243; _module_preset=&#8221;default&#8221; global_colors_info=&#8221;{}&#8221;][\/et_pb_column][\/et_pb_row][\/et_pb_section][et_pb_section fb_built=&#8221;1&#8243; _builder_version=&#8221;4.16&#8243; custom_margin=&#8221;0px||0px||false|false&#8221; custom_padding=&#8221;0px||0px||false|false&#8221; collapsed=&#8221;on&#8221; global_colors_info=&#8221;{}&#8221;][et_pb_row column_structure=&#8221;1_4,3_4&#8243; _builder_version=&#8221;4.16&#8243; _module_preset=&#8221;default&#8221; global_colors_info=&#8221;{}&#8221;][et_pb_column type=&#8221;1_4&#8243; _builder_version=&#8221;4.16&#8243; _module_preset=&#8221;default&#8221; global_colors_info=&#8221;{}&#8221;][\/et_pb_column][et_pb_column type=&#8221;3_4&#8243; _builder_version=&#8221;4.16&#8243; _module_preset=&#8221;default&#8221; global_colors_info=&#8221;{}&#8221;][et_pb_text _builder_version=&#8221;4.16&#8243; background_size=&#8221;initial&#8221; background_position=&#8221;top_left&#8221; background_repeat=&#8221;repeat&#8221; positioning=&#8221;relative&#8221; vertical_offset=&#8221;-260px&#8221; global_colors_info=&#8221;{}&#8221;]<\/p>\n<p><span><\/span><\/p>\n<p><span><\/span><\/p>\n<p><span><\/span><\/p>\n<p><span><\/span><\/p>\n<p><span><\/span><\/p>\n<p><span>A<\/span><span>LPIM \u2013 Associazione Ligure per i Minori &#8211; nata nel 1989, \u00e8 un\u2019Associazione di Volontariato (ODV) con personalit\u00e0 giuridica e iscritta al RUNTS (Registro Unico Nazionale del Terzo Settore)<\/span>. Ha sede in Via Galata 39\/7-7a a Genova ed \u00e8 accreditata presso il Tribunale per i Minorenni di Genova operando su tutto il Distretto del suddetto Tribunale.<br \/>La mission di ALPIM consiste nell\u2019attivazione di interventi a favore di minori in difficolt\u00e0 e delle loro famiglie, collaborando con le istituzioni previste dalla legge (Procura e Tribunale per i minorenni, Ministero della Giustizia, Enti Locali, Direzione Regionale agli Studi ecc.) alle quali si propone come tramite, sostegno e stimolo nel pieno rispetto delle competenze.<\/p>\n<p>Le attivit\u00e0 vengono organizzate e attuate attraverso diverse commissioni, formate da volontari e da operatori professionali (educatori, assistenti sociali e psicologi), mettendo in opera interventi di:<\/p>\n<ul>\n<li><em>Reperimento, formazione e, sostegno a famiglie disposte all\u2019esperienza dell\u2019affido in collaborazione con gli enti territoriali (Commissione affidi)<\/em><\/li>\n<li><em>Attivit\u00e0 di contrasto all\u2019abbandono scolastico, attivazione di corsi per insegnanti e genitori sul disagio minorile, consulenza alle scuole per casi singoli di disagio e per la costruzione di progetti per studenti in difficolt\u00e0. Attivit\u00e0 in collaborazione con la Direzione Scolastica Regionale, con cui Alpim ha un protocollo di intesa, e molte scuole genovesi soprattutto in Valpolcevera e Valbisagno (Commissione Scuola).<\/em><\/li>\n<li><em>Accompagnamento e sostegno dei minori dell\u2019area penale e civile in situazione di difficolt\u00e0, inserimento in attivit\u00e0 sportive e culturali, attivit\u00e0 socialmente utili, orientamento al lavoro e work experience non finalizzate all\u2019assunzione.<\/em><\/li>\n<li><em>Consulenza legale gratuita a cura di una rosa di avvocati volontari<\/em><\/li>\n<li><em>Nello svolgimento delle attivit\u00e0 Alpim promuove e partecipa a reti di associazioni, enti pubblici ed associazioni ed enti del terzo settore.<\/em><\/li>\n<\/ul>\n<p>&nbsp;<\/p>\n<p><strong>LA STORIA <\/strong><\/p>\n<p>L&#8217;ALPIM \u00e8 stata fondata da un gruppo di Magistrati minorili, medici, avvocati e persone interessate ai problemi sociali, con lo scopo di stimolare la societ\u00e0 civile a collaborare con le Istituzioni <span>per offrire attuazioni a norma di legge<\/span>, che non possono essere reperiti esclusivamente dalle Istituzioni (per esempio in caso di affidamento famigliare e messa alla prova).<br \/>Nel corso di tutti questi anni Alpim ha contribuito a creare una fitta rete di rapporti con e fra le Istituzioni cui la legge delega la soluzione dei problemi minorili e fra tali Istituzioni e gli Enti del Terzo Settore (Associazioni e Cooperative).<br \/>Ha avuto sede per oltre dieci anni presso il Tribunale per i Minorenni; in seguito in via Corsica in un appartamento confiscato alla mafia assegnato dal Centro Giustizia Minorile (Ministero della Giustizia). Attualmente ha sede in via Galata 39\/7-7a<\/p>\n<p>&nbsp;<\/p>\n<p><strong><a href=\"https:\/\/alpim.it\/images\/documenti_vari\/STATUTO_ALPIM.pdf\" target=\"_blank\" rel=\"noopener noreferrer\">Visualizza lo Statuto dell&#8217; Associazione<\/a>\u00a0<\/strong><\/p>\n<p><strong><a href=\"https:\/\/alpim.it\/wp\/wp-content\/uploads\/2023\/08\/Relazione-definitiva_17.04.23.pdf\" target=\"_blank\" rel=\"noopener noreferrer\">Visualizza la relazione dell Assemblea Esercizio 2022<\/a><\/strong><\/p>\n<p><a href=\"https:\/\/alpim.it\/wp\/wp-content\/uploads\/2022\/02\/Relazione-del-Revisore-dei-Conti.pdf\" target=\"_blank\" rel=\"noopener noreferrer\"><strong>Visualizza la Relazione del revisore dei conti 2022<\/strong><\/a><\/p>\n<p><a href=\"https:\/\/alpim.it\/wp\/wp-content\/uploads\/2023\/07\/Bilancio-2022.pdf\"><strong>Visualizza il bilancio d&#8217;esercizio 2022<\/strong><\/a><\/p>\n<p><strong><\/strong><\/p>\n<p>[\/et_pb_text][\/et_pb_column][\/et_pb_row][\/et_pb_section]<\/p>\n","protected":false},"excerpt":{"rendered":"<p>ALPIM \u2013 Associazione Ligure per i Minori &#8211; nata nel 1989, \u00e8 un\u2019Associazione di Volontariato (ODV) con personalit\u00e0 giuridica e iscritta al RUNTS (Registro Unico Nazionale del Terzo Settore). Ha sede in Via Galata 39\/7-7a a Genova ed \u00e8 accreditata presso il Tribunale per i Minorenni di Genova operando su tutto il Distretto del suddetto [&hellip;]<\/p>\n","protected":false},"author":1,"featured_media":0,"parent":0,"menu_order":0,"comment_status":"closed","ping_status":"closed","template":"","meta":{"_et_pb_use_builder":"on","_et_pb_old_content":"","_et_gb_content_width":"","footnotes":""},"class_list":["post-102","page","type-page","status-publish","hentry"],"_links":{"self":[{"href":"https:\/\/alpim.it\/wp\/wp-json\/wp\/v2\/pages\/102"}],"collection":[{"href":"https:\/\/alpim.it\/wp\/wp-json\/wp\/v2\/pages"}],"about":[{"href":"https:\/\/alpim.it\/wp\/wp-json\/wp\/v2\/types\/page"}],"author":[{"embeddable":true,"href":"https:\/\/alpim.it\/wp\/wp-json\/wp\/v2\/users\/1"}],"replies":[{"embeddable":true,"href":"https:\/\/alpim.it\/wp\/wp-json\/wp\/v2\/comments?post=102"}],"version-history":[{"count":30,"href":"https:\/\/alpim.it\/wp\/wp-json\/wp\/v2\/pages\/102\/revisions"}],"predecessor-version":[{"id":1334,"href":"https:\/\/alpim.it\/wp\/wp-json\/wp\/v2\/pages\/102\/revisions\/1334"}],"wp:attachment":[{"href":"https:\/\/alpim.it\/wp\/wp-json\/wp\/v2\/media?parent=102"}],"curies":[{"name":"wp","href":"https:\/\/api.w.org\/{rel}","templated":true}]}}